{"id":68,"date":"2015-03-25T20:33:36","date_gmt":"2015-03-25T20:33:36","guid":{"rendered":"http:\/\/boehledruck.de\/?page_id=68"},"modified":"2015-09-06T18:04:45","modified_gmt":"2015-09-06T18:04:45","slug":"plakate-flyer","status":"publish","type":"page","link":"https:\/\/www.boehledruck.de\/de\/plakate-flyer\/","title":{"rendered":"Plakate &#038; Flyer"},"content":{"rendered":"<p>Egal, welche Art von Veranstaltung Sie planen: Plakate, Flyer, Eintrittskarten und Brosch\u00fcren geh\u00f6ren meistens zur Bekanntmachung und Organisation dazu.<\/p>\n<p>Wir drucken f\u00fcr Sie hochwertige Veranstaltungsmaterialien, mit denen Sie gezielt auf die Veranstaltung hinweisen k\u00f6nnen. Ob Sch\u00fctzenfest, Abifeier oder Konzerte: gedruckte Materialien haben immer noch einen gro\u00dfen Wert, wenn es darum geht, lokal Werbung zu betreiben.<\/p>\n<p>Plakate und Flyer lohnen\u00a0sich auch schon f\u00fcr kleinere St\u00fcckzahlen &#8211; wir beraten Sie gerne dazu.<\/p>\n<p><img loading=\"lazy\" class=\"alignleft size-large wp-image-195\" src=\"http:\/\/www.boehledruck.de\/wp-content\/uploads\/2015\/03\/20140614_180640-1-768x1024.jpg\" alt=\"Plakate und Flyer B\u00f6hle Druck\" width=\"605\" height=\"807\" srcset=\"https:\/\/www.boehledruck.de\/wp-content\/uploads\/2015\/03\/20140614_180640-1-768x1024.jpg 768w, https:\/\/www.boehledruck.de\/wp-content\/uploads\/2015\/03\/20140614_180640-1-225x300.jpg 225w, https:\/\/www.boehledruck.de\/wp-content\/uploads\/2015\/03\/20140614_180640-1-100x133.jpg 100w, https:\/\/www.boehledruck.de\/wp-content\/uploads\/2015\/03\/20140614_180640-1-150x200.jpg 150w, https:\/\/www.boehledruck.de\/wp-content\/uploads\/2015\/03\/20140614_180640-1-200x267.jpg 200w, https:\/\/www.boehledruck.de\/wp-content\/uploads\/2015\/03\/20140614_180640-1-300x400.jpg 300w, https:\/\/www.boehledruck.de\/wp-content\/uploads\/2015\/03\/20140614_180640-1-450x600.jpg 450w, https:\/\/www.boehledruck.de\/wp-content\/uploads\/2015\/03\/20140614_180640-1-600x800.jpg 600w, https:\/\/www.boehledruck.de\/wp-content\/uploads\/2015\/03\/20140614_180640-1-900x1200.jpg 900w, https:\/\/www.boehledruck.de\/wp-content\/uploads\/2015\/03\/20140614_180640-1.jpg 1920w\" sizes=\"(max-width: 605px) 100vw, 605px\" \/><\/p>\n<p><img loading=\"lazy\" class=\"alignleft size-large wp-image-193\" src=\"http:\/\/www.boehledruck.de\/wp-content\/uploads\/2015\/03\/20140614_180746-1-768x1024.jpg\" alt=\"Flyer-Auswahl\" width=\"605\" height=\"807\" srcset=\"https:\/\/www.boehledruck.de\/wp-content\/uploads\/2015\/03\/20140614_180746-1-768x1024.jpg 768w, https:\/\/www.boehledruck.de\/wp-content\/uploads\/2015\/03\/20140614_180746-1-225x300.jpg 225w, https:\/\/www.boehledruck.de\/wp-content\/uploads\/2015\/03\/20140614_180746-1-100x133.jpg 100w, https:\/\/www.boehledruck.de\/wp-content\/uploads\/2015\/03\/20140614_180746-1-150x200.jpg 150w, https:\/\/www.boehledruck.de\/wp-content\/uploads\/2015\/03\/20140614_180746-1-200x267.jpg 200w, https:\/\/www.boehledruck.de\/wp-content\/uploads\/2015\/03\/20140614_180746-1-300x400.jpg 300w, https:\/\/www.boehledruck.de\/wp-content\/uploads\/2015\/03\/20140614_180746-1-450x600.jpg 450w, https:\/\/www.boehledruck.de\/wp-content\/uploads\/2015\/03\/20140614_180746-1-600x800.jpg 600w, https:\/\/www.boehledruck.de\/wp-content\/uploads\/2015\/03\/20140614_180746-1-900x1200.jpg 900w, https:\/\/www.boehledruck.de\/wp-content\/uploads\/2015\/03\/20140614_180746-1.jpg 1920w\" sizes=\"(max-width: 605px) 100vw, 605px\" \/><\/p>\n","protected":false},"excerpt":{"rendered":"<p>Egal, welche Art von Veranstaltung Sie planen: Plakate, Flyer, Eintrittskarten und Brosch\u00fcren geh\u00f6ren meistens zur Bekanntmachung und Organisation dazu. Wir drucken f\u00fcr Sie hochwertige Veranstaltungsmaterialien, mit denen Sie gezielt auf die Veranstaltung hinweisen k\u00f6nnen. Ob Sch\u00fctzenfest, Abifeier oder Konzerte: gedruckte &hellip;<\/p>\n<p class=\"read-more\"> <a class=\"more-link\" href=\"https:\/\/www.boehledruck.de\/de\/plakate-flyer\/\"> <span class=\"screen-reader-text\">Plakate &#038; Flyer<\/span> Read More &raquo;<\/a><\/p>\n","protected":false},"author":1,"featured_media":0,"parent":0,"menu_order":4,"comment_status":"closed","ping_status":"closed","template":"sidebar-content-page.php","meta":[],"yoast_head":"<!-- This site is optimized with the Yoast SEO plugin v16.1.1 - https:\/\/yoast.com\/wordpress\/plugins\/seo\/ -->\n<title>Plakate &amp; Flyer drucken - B\u00f6hle Druck<\/title>\n<meta name=\"description\" content=\"Lassen Sie von B\u00f6hle Druck qualitativ hochwertige Drucksachen f\u00fcr Ihre Veranstaltungen erstellen. Wir beraten Sie gern und kompetent.\" \/>\n<link rel=\"canonical\" href=\"https:\/\/www.boehledruck.de\/de\/plakate-flyer\/\" \/>\n<meta property=\"og:locale\" content=\"de_DE\" \/>\n<meta property=\"og:type\" content=\"article\" \/>\n<meta property=\"og:title\" content=\"Plakate &amp; Flyer drucken - B\u00f6hle Druck\" \/>\n<meta property=\"og:description\" content=\"Lassen Sie von B\u00f6hle Druck qualitativ hochwertige Drucksachen f\u00fcr Ihre Veranstaltungen erstellen. Wir beraten Sie gern und kompetent.\" \/>\n<meta property=\"og:url\" content=\"https:\/\/www.boehledruck.de\/de\/plakate-flyer\/\" \/>\n<meta property=\"og:site_name\" content=\"Boehledruck\" \/>\n<meta property=\"article:modified_time\" content=\"2015-09-06T18:04:45+00:00\" \/>\n<meta property=\"og:image\" content=\"http:\/\/www.boehledruck.de\/wp-content\/uploads\/2015\/03\/20140614_180640-1-768x1024.jpg\" \/>\n<script type=\"application\/ld+json\" class=\"yoast-schema-graph\">{\"@context\":\"https:\/\/schema.org\",\"@graph\":[{\"@type\":\"WebSite\",\"@id\":\"https:\/\/www.boehledruck.de\/de\/#website\",\"url\":\"https:\/\/www.boehledruck.de\/de\/\",\"name\":\"Boehledruck\",\"description\":\"Drucksachen f\\u00fcr privat &amp; gesch\\u00e4ftlich\",\"potentialAction\":[{\"@type\":\"SearchAction\",\"target\":\"https:\/\/www.boehledruck.de\/de\/?s={search_term_string}\",\"query-input\":\"required name=search_term_string\"}],\"inLanguage\":\"de\"},{\"@type\":\"ImageObject\",\"@id\":\"https:\/\/www.boehledruck.de\/de\/plakate-flyer\/#primaryimage\",\"inLanguage\":\"de\",\"url\":\"http:\/\/www.boehledruck.de\/wp-content\/uploads\/2015\/03\/20140614_180640-1-768x1024.jpg\",\"contentUrl\":\"http:\/\/www.boehledruck.de\/wp-content\/uploads\/2015\/03\/20140614_180640-1-768x1024.jpg\"},{\"@type\":\"WebPage\",\"@id\":\"https:\/\/www.boehledruck.de\/de\/plakate-flyer\/#webpage\",\"url\":\"https:\/\/www.boehledruck.de\/de\/plakate-flyer\/\",\"name\":\"Plakate & Flyer drucken - B\\u00f6hle Druck\",\"isPartOf\":{\"@id\":\"https:\/\/www.boehledruck.de\/de\/#website\"},\"primaryImageOfPage\":{\"@id\":\"https:\/\/www.boehledruck.de\/de\/plakate-flyer\/#primaryimage\"},\"datePublished\":\"2015-03-25T20:33:36+00:00\",\"dateModified\":\"2015-09-06T18:04:45+00:00\",\"description\":\"Lassen Sie von B\\u00f6hle Druck qualitativ hochwertige Drucksachen f\\u00fcr Ihre Veranstaltungen erstellen. Wir beraten Sie gern und kompetent.\",\"breadcrumb\":{\"@id\":\"https:\/\/www.boehledruck.de\/de\/plakate-flyer\/#breadcrumb\"},\"inLanguage\":\"de\",\"potentialAction\":[{\"@type\":\"ReadAction\",\"target\":[\"https:\/\/www.boehledruck.de\/de\/plakate-flyer\/\"]}]},{\"@type\":\"BreadcrumbList\",\"@id\":\"https:\/\/www.boehledruck.de\/de\/plakate-flyer\/#breadcrumb\",\"itemListElement\":[{\"@type\":\"ListItem\",\"position\":1,\"item\":{\"@type\":\"WebPage\",\"@id\":\"https:\/\/www.boehledruck.de\/de\/\",\"url\":\"https:\/\/www.boehledruck.de\/de\/\",\"name\":\"Home\"}},{\"@type\":\"ListItem\",\"position\":2,\"item\":{\"@type\":\"WebPage\",\"@id\":\"https:\/\/www.boehledruck.de\/de\/plakate-flyer\/\",\"url\":\"https:\/\/www.boehledruck.de\/de\/plakate-flyer\/\",\"name\":\"Plakate &#038; Flyer\"}}]}]}<\/script>\n<!-- \/ Yoast SEO plugin. -->","_links":{"self":[{"href":"https:\/\/www.boehledruck.de\/de\/wp-json\/wp\/v2\/pages\/68"}],"collection":[{"href":"https:\/\/www.boehledruck.de\/de\/wp-json\/wp\/v2\/pages"}],"about":[{"href":"https:\/\/www.boehledruck.de\/de\/wp-json\/wp\/v2\/types\/page"}],"author":[{"embeddable":true,"href":"https:\/\/www.boehledruck.de\/de\/wp-json\/wp\/v2\/users\/1"}],"replies":[{"embeddable":true,"href":"https:\/\/www.boehledruck.de\/de\/wp-json\/wp\/v2\/comments?post=68"}],"version-history":[{"count":5,"href":"https:\/\/www.boehledruck.de\/de\/wp-json\/wp\/v2\/pages\/68\/revisions"}],"predecessor-version":[{"id":196,"href":"https:\/\/www.boehledruck.de\/de\/wp-json\/wp\/v2\/pages\/68\/revisions\/196"}],"wp:attachment":[{"href":"https:\/\/www.boehledruck.de\/de\/wp-json\/wp\/v2\/media?parent=68"}],"curies":[{"name":"wp","href":"https:\/\/api.w.org\/{rel}","templated":true}]}}