{"id":33,"date":"2014-12-14T19:12:36","date_gmt":"2014-12-14T19:12:36","guid":{"rendered":"http:\/\/boehledruck.de\/?page_id=33"},"modified":"2015-08-09T20:46:48","modified_gmt":"2015-08-09T20:46:48","slug":"einladungen","status":"publish","type":"page","link":"https:\/\/www.boehledruck.de\/de\/einladungen\/","title":{"rendered":"Einladungen"},"content":{"rendered":"<p>Besondere Anl\u00e4sse erfordern auch eine besondere Kommunikation. Zu freudigen Ereignissen wie Geburtstagen oder Hochzeiten unterstreichen Sie\u00a0mit professionellen Drucksachen die Wichtigkeit.<\/p>\n<p>\u00dcbrigens: die Preise f\u00fcr private Drucksachen sind g\u00fcnstiger als oft angenommen. Lassen Sie sich einfach ein Angebot machen.<\/p>\n<figure id=\"attachment_37\" aria-describedby=\"caption-attachment-37\" style=\"width: 275px\" class=\"wp-caption alignleft\"><img loading=\"lazy\" class=\"wp-image-37\" src=\"http:\/\/www.boehledruck.de\/wp-content\/uploads\/2014\/12\/701517_web_R_K_B_by_Rosel-Eckstein_pixelio.de_-300x200.jpg\" alt=\"Einladungen Hochzeit Drucksachen\" width=\"275\" height=\"184\" srcset=\"https:\/\/www.boehledruck.de\/wp-content\/uploads\/2014\/12\/701517_web_R_K_B_by_Rosel-Eckstein_pixelio.de_-300x200.jpg 300w, https:\/\/www.boehledruck.de\/wp-content\/uploads\/2014\/12\/701517_web_R_K_B_by_Rosel-Eckstein_pixelio.de_-100x66.jpg 100w, https:\/\/www.boehledruck.de\/wp-content\/uploads\/2014\/12\/701517_web_R_K_B_by_Rosel-Eckstein_pixelio.de_-150x100.jpg 150w, https:\/\/www.boehledruck.de\/wp-content\/uploads\/2014\/12\/701517_web_R_K_B_by_Rosel-Eckstein_pixelio.de_-200x133.jpg 200w, https:\/\/www.boehledruck.de\/wp-content\/uploads\/2014\/12\/701517_web_R_K_B_by_Rosel-Eckstein_pixelio.de_.jpg 400w\" sizes=\"(max-width: 275px) 100vw, 275px\" \/><figcaption id=\"caption-attachment-37\" class=\"wp-caption-text\">Rosel Eckstein \/ pixelio.de<\/figcaption><\/figure>\n<p>&nbsp;<\/p>\n<p>&nbsp;<\/p>\n<p><a class=\"blue button\" href=\"http:\/\/www.boehledruck.de\/einladungen\/hochzeitseinladungen\/\">Zu den Hochzeitseinladungen<\/a><\/p>\n<figure id=\"attachment_41\" aria-describedby=\"caption-attachment-41\" style=\"width: 275px\" class=\"wp-caption alignleft\"><img loading=\"lazy\" class=\"wp-image-41\" src=\"http:\/\/boehledruck.de\/wp-content\/uploads\/2014\/12\/648664_web_R_K_B_by_Sandra-Nentwich_pixelio.de_-300x199.jpg\" alt=\"Geburtstagseinladungen\" width=\"275\" height=\"183\" srcset=\"https:\/\/www.boehledruck.de\/wp-content\/uploads\/2014\/12\/648664_web_R_K_B_by_Sandra-Nentwich_pixelio.de_-300x199.jpg 300w, https:\/\/www.boehledruck.de\/wp-content\/uploads\/2014\/12\/648664_web_R_K_B_by_Sandra-Nentwich_pixelio.de_-100x66.jpg 100w, https:\/\/www.boehledruck.de\/wp-content\/uploads\/2014\/12\/648664_web_R_K_B_by_Sandra-Nentwich_pixelio.de_-150x99.jpg 150w, https:\/\/www.boehledruck.de\/wp-content\/uploads\/2014\/12\/648664_web_R_K_B_by_Sandra-Nentwich_pixelio.de_-200x133.jpg 200w, https:\/\/www.boehledruck.de\/wp-content\/uploads\/2014\/12\/648664_web_R_K_B_by_Sandra-Nentwich_pixelio.de_.jpg 400w\" sizes=\"(max-width: 275px) 100vw, 275px\" \/><figcaption id=\"caption-attachment-41\" class=\"wp-caption-text\">Sandra Nentwich \/ pixelio.de<\/figcaption><\/figure>\n<p>&nbsp;<\/p>\n<p>&nbsp;<\/p>\n<p>&nbsp;<\/p>\n<p>&nbsp;<\/p>\n<p>&nbsp;<\/p>\n<p><a class=\"blue button\" href=\"http:\/\/www.boehledruck.de\/einladungen\/geburtstagseinladungen\/\">Zu den Geburtstagseinladungen<\/a><\/p>\n","protected":false},"excerpt":{"rendered":"<p>Besondere Anl\u00e4sse erfordern auch eine besondere Kommunikation. Zu freudigen Ereignissen wie Geburtstagen oder Hochzeiten unterstreichen Sie\u00a0mit professionellen Drucksachen die Wichtigkeit. \u00dcbrigens: die Preise f\u00fcr private Drucksachen sind g\u00fcnstiger als oft angenommen. Lassen Sie sich einfach ein Angebot machen. &nbsp; &nbsp; &hellip;<\/p>\n<p class=\"read-more\"> <a class=\"more-link\" href=\"https:\/\/www.boehledruck.de\/de\/einladungen\/\"> <span class=\"screen-reader-text\">Einladungen<\/span> Read More &raquo;<\/a><\/p>\n","protected":false},"author":1,"featured_media":0,"parent":0,"menu_order":3,"comment_status":"closed","ping_status":"closed","template":"sidebar-content-page.php","meta":[],"yoast_head":"<!-- This site is optimized with the Yoast SEO plugin v16.1.1 - https:\/\/yoast.com\/wordpress\/plugins\/seo\/ -->\n<title>Einladungen drucken lassen - B\u00f6hle Druck<\/title>\n<meta name=\"description\" content=\"Lassen Sie bei B\u00f6hle Druck Ihre stilvollen Einladungen zu verschiedenen Gelegenheiten drucken - wir beraten Sie gerne bei allen Fragen.\" \/>\n<link rel=\"canonical\" href=\"https:\/\/www.boehledruck.de\/de\/einladungen\/\" \/>\n<meta property=\"og:locale\" content=\"de_DE\" \/>\n<meta property=\"og:type\" content=\"article\" \/>\n<meta property=\"og:title\" content=\"Einladungen drucken lassen - B\u00f6hle Druck\" \/>\n<meta property=\"og:description\" content=\"Lassen Sie bei B\u00f6hle Druck Ihre stilvollen Einladungen zu verschiedenen Gelegenheiten drucken - wir beraten Sie gerne bei allen Fragen.\" \/>\n<meta property=\"og:url\" content=\"https:\/\/www.boehledruck.de\/de\/einladungen\/\" \/>\n<meta property=\"og:site_name\" content=\"Boehledruck\" \/>\n<meta property=\"article:modified_time\" content=\"2015-08-09T20:46:48+00:00\" \/>\n<meta property=\"og:image\" content=\"http:\/\/www.boehledruck.de\/wp-content\/uploads\/2014\/12\/701517_web_R_K_B_by_Rosel-Eckstein_pixelio.de_-300x200.jpg\" \/>\n<script type=\"application\/ld+json\" class=\"yoast-schema-graph\">{\"@context\":\"https:\/\/schema.org\",\"@graph\":[{\"@type\":\"WebSite\",\"@id\":\"https:\/\/www.boehledruck.de\/de\/#website\",\"url\":\"https:\/\/www.boehledruck.de\/de\/\",\"name\":\"Boehledruck\",\"description\":\"Drucksachen f\\u00fcr privat &amp; gesch\\u00e4ftlich\",\"potentialAction\":[{\"@type\":\"SearchAction\",\"target\":\"https:\/\/www.boehledruck.de\/de\/?s={search_term_string}\",\"query-input\":\"required name=search_term_string\"}],\"inLanguage\":\"de\"},{\"@type\":\"ImageObject\",\"@id\":\"https:\/\/www.boehledruck.de\/de\/einladungen\/#primaryimage\",\"inLanguage\":\"de\",\"url\":\"http:\/\/www.boehledruck.de\/wp-content\/uploads\/2014\/12\/701517_web_R_K_B_by_Rosel-Eckstein_pixelio.de_-300x200.jpg\",\"contentUrl\":\"http:\/\/www.boehledruck.de\/wp-content\/uploads\/2014\/12\/701517_web_R_K_B_by_Rosel-Eckstein_pixelio.de_-300x200.jpg\"},{\"@type\":\"WebPage\",\"@id\":\"https:\/\/www.boehledruck.de\/de\/einladungen\/#webpage\",\"url\":\"https:\/\/www.boehledruck.de\/de\/einladungen\/\",\"name\":\"Einladungen drucken lassen - B\\u00f6hle Druck\",\"isPartOf\":{\"@id\":\"https:\/\/www.boehledruck.de\/de\/#website\"},\"primaryImageOfPage\":{\"@id\":\"https:\/\/www.boehledruck.de\/de\/einladungen\/#primaryimage\"},\"datePublished\":\"2014-12-14T19:12:36+00:00\",\"dateModified\":\"2015-08-09T20:46:48+00:00\",\"description\":\"Lassen Sie bei B\\u00f6hle Druck Ihre stilvollen Einladungen zu verschiedenen Gelegenheiten drucken - wir beraten Sie gerne bei allen Fragen.\",\"breadcrumb\":{\"@id\":\"https:\/\/www.boehledruck.de\/de\/einladungen\/#breadcrumb\"},\"inLanguage\":\"de\",\"potentialAction\":[{\"@type\":\"ReadAction\",\"target\":[\"https:\/\/www.boehledruck.de\/de\/einladungen\/\"]}]},{\"@type\":\"BreadcrumbList\",\"@id\":\"https:\/\/www.boehledruck.de\/de\/einladungen\/#breadcrumb\",\"itemListElement\":[{\"@type\":\"ListItem\",\"position\":1,\"item\":{\"@type\":\"WebPage\",\"@id\":\"https:\/\/www.boehledruck.de\/de\/\",\"url\":\"https:\/\/www.boehledruck.de\/de\/\",\"name\":\"Home\"}},{\"@type\":\"ListItem\",\"position\":2,\"item\":{\"@type\":\"WebPage\",\"@id\":\"https:\/\/www.boehledruck.de\/de\/einladungen\/\",\"url\":\"https:\/\/www.boehledruck.de\/de\/einladungen\/\",\"name\":\"Einladungen\"}}]}]}<\/script>\n<!-- \/ Yoast SEO plugin. -->","_links":{"self":[{"href":"https:\/\/www.boehledruck.de\/de\/wp-json\/wp\/v2\/pages\/33"}],"collection":[{"href":"https:\/\/www.boehledruck.de\/de\/wp-json\/wp\/v2\/pages"}],"about":[{"href":"https:\/\/www.boehledruck.de\/de\/wp-json\/wp\/v2\/types\/page"}],"author":[{"embeddable":true,"href":"https:\/\/www.boehledruck.de\/de\/wp-json\/wp\/v2\/users\/1"}],"replies":[{"embeddable":true,"href":"https:\/\/www.boehledruck.de\/de\/wp-json\/wp\/v2\/comments?post=33"}],"version-history":[{"count":29,"href":"https:\/\/www.boehledruck.de\/de\/wp-json\/wp\/v2\/pages\/33\/revisions"}],"predecessor-version":[{"id":187,"href":"https:\/\/www.boehledruck.de\/de\/wp-json\/wp\/v2\/pages\/33\/revisions\/187"}],"wp:attachment":[{"href":"https:\/\/www.boehledruck.de\/de\/wp-json\/wp\/v2\/media?parent=33"}],"curies":[{"name":"wp","href":"https:\/\/api.w.org\/{rel}","templated":true}]}}