{"id":23,"date":"2014-12-14T18:49:22","date_gmt":"2014-12-14T18:49:22","guid":{"rendered":"http:\/\/boehledruck.de\/?page_id=23"},"modified":"2015-08-09T20:31:53","modified_gmt":"2015-08-09T20:31:53","slug":"kontakt","status":"publish","type":"page","link":"https:\/\/www.boehledruck.de\/de\/kontakt\/","title":{"rendered":"Kontakt"},"content":{"rendered":"<figure id=\"attachment_30\" aria-describedby=\"caption-attachment-30\" style=\"width: 300px\" class=\"wp-caption alignright\"><img loading=\"lazy\" class=\"wp-image-30 size-medium\" src=\"http:\/\/www.boehledruck.de\/wp-content\/uploads\/2014\/12\/371719_web_R_K_B_by_Clemens-Scheumann_pixelio.de_-300x225.jpg\" alt=\"Druckerei Paderborn\" width=\"300\" height=\"225\" srcset=\"https:\/\/www.boehledruck.de\/wp-content\/uploads\/2014\/12\/371719_web_R_K_B_by_Clemens-Scheumann_pixelio.de_-300x225.jpg 300w, https:\/\/www.boehledruck.de\/wp-content\/uploads\/2014\/12\/371719_web_R_K_B_by_Clemens-Scheumann_pixelio.de_-100x75.jpg 100w, https:\/\/www.boehledruck.de\/wp-content\/uploads\/2014\/12\/371719_web_R_K_B_by_Clemens-Scheumann_pixelio.de_-150x112.jpg 150w, https:\/\/www.boehledruck.de\/wp-content\/uploads\/2014\/12\/371719_web_R_K_B_by_Clemens-Scheumann_pixelio.de_-200x150.jpg 200w, https:\/\/www.boehledruck.de\/wp-content\/uploads\/2014\/12\/371719_web_R_K_B_by_Clemens-Scheumann_pixelio.de_.jpg 400w\" sizes=\"(max-width: 300px) 100vw, 300px\" \/><figcaption id=\"caption-attachment-30\" class=\"wp-caption-text\">Clemens Scheumann \/ pixelio.de<\/figcaption><\/figure>\n<p>Haben Sie Fragen zu unserem Angebot und w\u00fcnschen eine individuelle Beratung?<\/p>\n<p>Dann freue ich mich \u00fcber Ihren Besuch in unserer Druckerei in Schlo\u00df Neuhaus, \u00fcber Ihren Anruf oder E-Mail!<\/p>\n<p><strong>B\u00f6hle Druck<\/strong><\/p>\n<p>Diethelm B\u00f6hle, Industriemeister Druck<\/p>\n<p>Residenzstra\u00dfe 5<\/p>\n<p>33104 Paderborn<\/p>\n<p>0 52 54 \/ 26 14<\/p>\n<p><a href=\"mailto:info@boehledruck.de\">info@boehledruck.de<\/a><\/p>\n<p>&nbsp;<\/p>\n<p>Oder m\u00f6chten Sie f\u00fcr Ihre Anfrage unser <a title=\"Kontaktformular\" href=\"http:\/\/www.boehledruck.de\/kontakt\/kontaktformular\/\">Kontaktformular <\/a>nutzen?<\/p>\n<p><iframe loading=\"lazy\" style=\"border: 0;\" src=\"https:\/\/www.google.com\/maps\/embed?pb=!1m14!1m8!1m3!1d2470.3463479388924!2d8.714!3d51.74498999999999!3m2!1i1024!2i768!4f13.1!3m3!1m2!1s0x47ba4ba195ea6165%3A0xe6044df7a33b0b79!2sResidenzstra%C3%9Fe+5%2C+33104+Paderborn!5e0!3m2!1sde!2sde!4v1418583079560\" width=\"600\" height=\"450\" frameborder=\"0\"><\/iframe><\/p>\n","protected":false},"excerpt":{"rendered":"<p>Haben Sie Fragen zu unserem Angebot und w\u00fcnschen eine individuelle Beratung? Dann freue ich mich \u00fcber Ihren Besuch in unserer Druckerei in Schlo\u00df Neuhaus, \u00fcber Ihren Anruf oder E-Mail! B\u00f6hle Druck Diethelm B\u00f6hle, Industriemeister Druck Residenzstra\u00dfe 5 33104 Paderborn 0 &hellip;<\/p>\n<p class=\"read-more\"> <a class=\"more-link\" href=\"https:\/\/www.boehledruck.de\/de\/kontakt\/\"> <span class=\"screen-reader-text\">Kontakt<\/span> Read More &raquo;<\/a><\/p>\n","protected":false},"author":1,"featured_media":0,"parent":0,"menu_order":7,"comment_status":"closed","ping_status":"closed","template":"full-width-page.php","meta":[],"yoast_head":"<!-- This site is optimized with the Yoast SEO plugin v16.1.1 - https:\/\/yoast.com\/wordpress\/plugins\/seo\/ -->\n<title>Kontakt zu uns - B\u00f6hle Druck<\/title>\n<meta name=\"description\" content=\"Nehmen Sie unverbindlich Kontakt zu uns auf! B\u00f6hle Druck in Paderborn, Residenzstra\u00dfe 5 in 33104 Paderborn. Lernen Sie uns kennen!***\" \/>\n<link rel=\"canonical\" href=\"https:\/\/www.boehledruck.de\/de\/kontakt\/\" \/>\n<meta property=\"og:locale\" content=\"de_DE\" \/>\n<meta property=\"og:type\" content=\"article\" \/>\n<meta property=\"og:title\" content=\"Kontakt zu uns - B\u00f6hle Druck\" \/>\n<meta property=\"og:description\" content=\"Nehmen Sie unverbindlich Kontakt zu uns auf! B\u00f6hle Druck in Paderborn, Residenzstra\u00dfe 5 in 33104 Paderborn. Lernen Sie uns kennen!***\" \/>\n<meta property=\"og:url\" content=\"https:\/\/www.boehledruck.de\/de\/kontakt\/\" \/>\n<meta property=\"og:site_name\" content=\"Boehledruck\" \/>\n<meta property=\"article:modified_time\" content=\"2015-08-09T20:31:53+00:00\" \/>\n<meta property=\"og:image\" content=\"http:\/\/www.boehledruck.de\/wp-content\/uploads\/2014\/12\/371719_web_R_K_B_by_Clemens-Scheumann_pixelio.de_-300x225.jpg\" \/>\n<script type=\"application\/ld+json\" class=\"yoast-schema-graph\">{\"@context\":\"https:\/\/schema.org\",\"@graph\":[{\"@type\":\"WebSite\",\"@id\":\"https:\/\/www.boehledruck.de\/de\/#website\",\"url\":\"https:\/\/www.boehledruck.de\/de\/\",\"name\":\"Boehledruck\",\"description\":\"Drucksachen f\\u00fcr privat &amp; gesch\\u00e4ftlich\",\"potentialAction\":[{\"@type\":\"SearchAction\",\"target\":\"https:\/\/www.boehledruck.de\/de\/?s={search_term_string}\",\"query-input\":\"required name=search_term_string\"}],\"inLanguage\":\"de\"},{\"@type\":\"ImageObject\",\"@id\":\"https:\/\/www.boehledruck.de\/de\/kontakt\/#primaryimage\",\"inLanguage\":\"de\",\"url\":\"http:\/\/www.boehledruck.de\/wp-content\/uploads\/2014\/12\/371719_web_R_K_B_by_Clemens-Scheumann_pixelio.de_-300x225.jpg\",\"contentUrl\":\"http:\/\/www.boehledruck.de\/wp-content\/uploads\/2014\/12\/371719_web_R_K_B_by_Clemens-Scheumann_pixelio.de_-300x225.jpg\"},{\"@type\":\"WebPage\",\"@id\":\"https:\/\/www.boehledruck.de\/de\/kontakt\/#webpage\",\"url\":\"https:\/\/www.boehledruck.de\/de\/kontakt\/\",\"name\":\"Kontakt zu uns - B\\u00f6hle Druck\",\"isPartOf\":{\"@id\":\"https:\/\/www.boehledruck.de\/de\/#website\"},\"primaryImageOfPage\":{\"@id\":\"https:\/\/www.boehledruck.de\/de\/kontakt\/#primaryimage\"},\"datePublished\":\"2014-12-14T18:49:22+00:00\",\"dateModified\":\"2015-08-09T20:31:53+00:00\",\"description\":\"Nehmen Sie unverbindlich Kontakt zu uns auf! B\\u00f6hle Druck in Paderborn, Residenzstra\\u00dfe 5 in 33104 Paderborn. Lernen Sie uns kennen!***\",\"breadcrumb\":{\"@id\":\"https:\/\/www.boehledruck.de\/de\/kontakt\/#breadcrumb\"},\"inLanguage\":\"de\",\"potentialAction\":[{\"@type\":\"ReadAction\",\"target\":[\"https:\/\/www.boehledruck.de\/de\/kontakt\/\"]}]},{\"@type\":\"BreadcrumbList\",\"@id\":\"https:\/\/www.boehledruck.de\/de\/kontakt\/#breadcrumb\",\"itemListElement\":[{\"@type\":\"ListItem\",\"position\":1,\"item\":{\"@type\":\"WebPage\",\"@id\":\"https:\/\/www.boehledruck.de\/de\/\",\"url\":\"https:\/\/www.boehledruck.de\/de\/\",\"name\":\"Home\"}},{\"@type\":\"ListItem\",\"position\":2,\"item\":{\"@type\":\"WebPage\",\"@id\":\"https:\/\/www.boehledruck.de\/de\/kontakt\/\",\"url\":\"https:\/\/www.boehledruck.de\/de\/kontakt\/\",\"name\":\"Kontakt\"}}]}]}<\/script>\n<!-- \/ Yoast SEO plugin. -->","_links":{"self":[{"href":"https:\/\/www.boehledruck.de\/de\/wp-json\/wp\/v2\/pages\/23"}],"collection":[{"href":"https:\/\/www.boehledruck.de\/de\/wp-json\/wp\/v2\/pages"}],"about":[{"href":"https:\/\/www.boehledruck.de\/de\/wp-json\/wp\/v2\/types\/page"}],"author":[{"embeddable":true,"href":"https:\/\/www.boehledruck.de\/de\/wp-json\/wp\/v2\/users\/1"}],"replies":[{"embeddable":true,"href":"https:\/\/www.boehledruck.de\/de\/wp-json\/wp\/v2\/comments?post=23"}],"version-history":[{"count":14,"href":"https:\/\/www.boehledruck.de\/de\/wp-json\/wp\/v2\/pages\/23\/revisions"}],"predecessor-version":[{"id":130,"href":"https:\/\/www.boehledruck.de\/de\/wp-json\/wp\/v2\/pages\/23\/revisions\/130"}],"wp:attachment":[{"href":"https:\/\/www.boehledruck.de\/de\/wp-json\/wp\/v2\/media?parent=23"}],"curies":[{"name":"wp","href":"https:\/\/api.w.org\/{rel}","templated":true}]}}