{"id":17,"date":"2014-12-04T22:03:36","date_gmt":"2014-12-04T22:03:36","guid":{"rendered":"http:\/\/boehledruck.de\/?page_id=17"},"modified":"2015-08-09T19:01:46","modified_gmt":"2015-08-09T19:01:46","slug":"visitenkarte-fuss","status":"publish","type":"page","link":"https:\/\/www.boehledruck.de\/de\/visitenkarten\/visitenkarte-fuss\/","title":{"rendered":"Visitenkarte in Fu\u00dfform"},"content":{"rendered":"<p><img loading=\"lazy\" class=\"alignright wp-image-18 size-medium\" src=\"http:\/\/www.boehledruck.de\/wp-content\/uploads\/2014\/12\/20141204_224601-300x225.jpg\" alt=\"Individuelle Gestaltung einer Visitenkarte in Fu\u00dfform\" width=\"300\" height=\"225\" srcset=\"https:\/\/www.boehledruck.de\/wp-content\/uploads\/2014\/12\/20141204_224601-300x225.jpg 300w, https:\/\/www.boehledruck.de\/wp-content\/uploads\/2014\/12\/20141204_224601-1024x768.jpg 1024w, https:\/\/www.boehledruck.de\/wp-content\/uploads\/2014\/12\/20141204_224601-100x75.jpg 100w, https:\/\/www.boehledruck.de\/wp-content\/uploads\/2014\/12\/20141204_224601-150x112.jpg 150w, https:\/\/www.boehledruck.de\/wp-content\/uploads\/2014\/12\/20141204_224601-200x150.jpg 200w, https:\/\/www.boehledruck.de\/wp-content\/uploads\/2014\/12\/20141204_224601-450x337.jpg 450w, https:\/\/www.boehledruck.de\/wp-content\/uploads\/2014\/12\/20141204_224601-600x450.jpg 600w, https:\/\/www.boehledruck.de\/wp-content\/uploads\/2014\/12\/20141204_224601-900x675.jpg 900w\" sizes=\"(max-width: 300px) 100vw, 300px\" \/>Diese Visitenkarten in Fu\u00dfform sind witzig und bleiben garantiert im Ged\u00e4chtnis. Die richtige Form f\u00fcr alle Fu\u00dfpfleger, Podologen, Pedik\u00fcre- oder Wellness-Salons.<\/p>\n<p>Die gro\u00dffl\u00e4chige Visitenkarte bietet dabei gen\u00fcgend Platz f\u00fcr alle notwendigen Kontaktinformationen. Die Farben des Fu\u00dfes sind dabei selbstverst\u00e4ndlich frei w\u00e4hlbar und an Ihre Gesch\u00e4ftsfarben anpassbar.<\/p>\n<p>Auf Kongressen und Messen oder \u00fcberall dort, wo mehrere Visitenkarten verteilt werden, sticht diese besondere Visitenkarten aus der Masse hervor und kann Sie somit von Ihren Konkurrenten abgrenzen.<\/p>\n<p>M\u00f6glich sind selbstverst\u00e4ndliche alle verf\u00fcgbaren Farben, au\u00dferdem k\u00f6nnen praktische Ideen wie Terminfelder zum Ausf\u00fcllen umgesetzt werden.<\/p>\n<p><img loading=\"lazy\" class=\"aligncenter size-large wp-image-150\" src=\"http:\/\/www.boehledruck.de\/wp-content\/uploads\/2014\/12\/Blaue-Visitenkarte-Fu\u00dfform-1024x452.png\" alt=\"Blaue Visitenkarte Fu\u00dfform\" width=\"605\" height=\"267\" srcset=\"https:\/\/www.boehledruck.de\/wp-content\/uploads\/2014\/12\/Blaue-Visitenkarte-Fu\u00dfform-1024x452.png 1024w, https:\/\/www.boehledruck.de\/wp-content\/uploads\/2014\/12\/Blaue-Visitenkarte-Fu\u00dfform-300x132.png 300w, https:\/\/www.boehledruck.de\/wp-content\/uploads\/2014\/12\/Blaue-Visitenkarte-Fu\u00dfform-100x44.png 100w, https:\/\/www.boehledruck.de\/wp-content\/uploads\/2014\/12\/Blaue-Visitenkarte-Fu\u00dfform-150x66.png 150w, https:\/\/www.boehledruck.de\/wp-content\/uploads\/2014\/12\/Blaue-Visitenkarte-Fu\u00dfform-200x88.png 200w, https:\/\/www.boehledruck.de\/wp-content\/uploads\/2014\/12\/Blaue-Visitenkarte-Fu\u00dfform-450x198.png 450w, https:\/\/www.boehledruck.de\/wp-content\/uploads\/2014\/12\/Blaue-Visitenkarte-Fu\u00dfform-600x265.png 600w, https:\/\/www.boehledruck.de\/wp-content\/uploads\/2014\/12\/Blaue-Visitenkarte-Fu\u00dfform-900x397.png 900w, https:\/\/www.boehledruck.de\/wp-content\/uploads\/2014\/12\/Blaue-Visitenkarte-Fu\u00dfform.png 1465w\" sizes=\"(max-width: 605px) 100vw, 605px\" \/><\/p>\n","protected":false},"excerpt":{"rendered":"<p>Diese Visitenkarten in Fu\u00dfform sind witzig und bleiben garantiert im Ged\u00e4chtnis. Die richtige Form f\u00fcr alle Fu\u00dfpfleger, Podologen, Pedik\u00fcre- oder Wellness-Salons. Die gro\u00dffl\u00e4chige Visitenkarte bietet dabei gen\u00fcgend Platz f\u00fcr alle notwendigen Kontaktinformationen. Die Farben des Fu\u00dfes sind dabei selbstverst\u00e4ndlich frei &hellip;<\/p>\n<p class=\"read-more\"> <a class=\"more-link\" href=\"https:\/\/www.boehledruck.de\/de\/visitenkarten\/visitenkarte-fuss\/\"> <span class=\"screen-reader-text\">Visitenkarte in Fu\u00dfform<\/span> Read More &raquo;<\/a><\/p>\n","protected":false},"author":1,"featured_media":0,"parent":15,"menu_order":0,"comment_status":"closed","ping_status":"closed","template":"sidebar-content-page.php","meta":[],"yoast_head":"<!-- This site is optimized with the Yoast SEO plugin v16.1.1 - https:\/\/yoast.com\/wordpress\/plugins\/seo\/ -->\n<title>Visitenkarte in Fu\u00dfform - B\u00f6hle Druck<\/title>\n<meta name=\"description\" content=\"Visitenkarte in Fu\u00dfform - so fallen Sie garantiert auf und bleiben im Ged\u00e4chtnis. Erfahren Sie hier mehr \u00fcber unseren Visitenkarten-Service.\" \/>\n<link rel=\"canonical\" href=\"https:\/\/www.boehledruck.de\/de\/visitenkarten\/visitenkarte-fuss\/\" \/>\n<meta property=\"og:locale\" content=\"de_DE\" \/>\n<meta property=\"og:type\" content=\"article\" \/>\n<meta property=\"og:title\" content=\"Visitenkarte in Fu\u00dfform - B\u00f6hle Druck\" \/>\n<meta property=\"og:description\" content=\"Visitenkarte in Fu\u00dfform - so fallen Sie garantiert auf und bleiben im Ged\u00e4chtnis. Erfahren Sie hier mehr \u00fcber unseren Visitenkarten-Service.\" \/>\n<meta property=\"og:url\" content=\"https:\/\/www.boehledruck.de\/de\/visitenkarten\/visitenkarte-fuss\/\" \/>\n<meta property=\"og:site_name\" content=\"Boehledruck\" \/>\n<meta property=\"article:modified_time\" content=\"2015-08-09T19:01:46+00:00\" \/>\n<meta property=\"og:image\" content=\"http:\/\/www.boehledruck.de\/wp-content\/uploads\/2014\/12\/20141204_224601-300x225.jpg\" \/>\n<meta name=\"twitter:label1\" content=\"Gesch\u00e4tzte Lesezeit\">\n\t<meta name=\"twitter:data1\" content=\"1\u00a0Minute\">\n<script type=\"application\/ld+json\" class=\"yoast-schema-graph\">{\"@context\":\"https:\/\/schema.org\",\"@graph\":[{\"@type\":\"WebSite\",\"@id\":\"https:\/\/www.boehledruck.de\/de\/#website\",\"url\":\"https:\/\/www.boehledruck.de\/de\/\",\"name\":\"Boehledruck\",\"description\":\"Drucksachen f\\u00fcr privat &amp; gesch\\u00e4ftlich\",\"potentialAction\":[{\"@type\":\"SearchAction\",\"target\":\"https:\/\/www.boehledruck.de\/de\/?s={search_term_string}\",\"query-input\":\"required name=search_term_string\"}],\"inLanguage\":\"de\"},{\"@type\":\"ImageObject\",\"@id\":\"https:\/\/www.boehledruck.de\/de\/visitenkarten\/visitenkarte-fuss\/#primaryimage\",\"inLanguage\":\"de\",\"url\":\"http:\/\/www.boehledruck.de\/wp-content\/uploads\/2014\/12\/20141204_224601-300x225.jpg\",\"contentUrl\":\"http:\/\/www.boehledruck.de\/wp-content\/uploads\/2014\/12\/20141204_224601-300x225.jpg\"},{\"@type\":\"WebPage\",\"@id\":\"https:\/\/www.boehledruck.de\/de\/visitenkarten\/visitenkarte-fuss\/#webpage\",\"url\":\"https:\/\/www.boehledruck.de\/de\/visitenkarten\/visitenkarte-fuss\/\",\"name\":\"Visitenkarte in Fu\\u00dfform - B\\u00f6hle Druck\",\"isPartOf\":{\"@id\":\"https:\/\/www.boehledruck.de\/de\/#website\"},\"primaryImageOfPage\":{\"@id\":\"https:\/\/www.boehledruck.de\/de\/visitenkarten\/visitenkarte-fuss\/#primaryimage\"},\"datePublished\":\"2014-12-04T22:03:36+00:00\",\"dateModified\":\"2015-08-09T19:01:46+00:00\",\"description\":\"Visitenkarte in Fu\\u00dfform - so fallen Sie garantiert auf und bleiben im Ged\\u00e4chtnis. Erfahren Sie hier mehr \\u00fcber unseren Visitenkarten-Service.\",\"breadcrumb\":{\"@id\":\"https:\/\/www.boehledruck.de\/de\/visitenkarten\/visitenkarte-fuss\/#breadcrumb\"},\"inLanguage\":\"de\",\"potentialAction\":[{\"@type\":\"ReadAction\",\"target\":[\"https:\/\/www.boehledruck.de\/de\/visitenkarten\/visitenkarte-fuss\/\"]}]},{\"@type\":\"BreadcrumbList\",\"@id\":\"https:\/\/www.boehledruck.de\/de\/visitenkarten\/visitenkarte-fuss\/#breadcrumb\",\"itemListElement\":[{\"@type\":\"ListItem\",\"position\":1,\"item\":{\"@type\":\"WebPage\",\"@id\":\"https:\/\/www.boehledruck.de\/de\/\",\"url\":\"https:\/\/www.boehledruck.de\/de\/\",\"name\":\"Home\"}},{\"@type\":\"ListItem\",\"position\":2,\"item\":{\"@type\":\"WebPage\",\"@id\":\"https:\/\/www.boehledruck.de\/de\/visitenkarten\/\",\"url\":\"https:\/\/www.boehledruck.de\/de\/visitenkarten\/\",\"name\":\"Visitenkarten\"}},{\"@type\":\"ListItem\",\"position\":3,\"item\":{\"@type\":\"WebPage\",\"@id\":\"https:\/\/www.boehledruck.de\/de\/visitenkarten\/visitenkarte-fuss\/\",\"url\":\"https:\/\/www.boehledruck.de\/de\/visitenkarten\/visitenkarte-fuss\/\",\"name\":\"Visitenkarte in Fu\\u00dfform\"}}]}]}<\/script>\n<!-- \/ Yoast SEO plugin. -->","_links":{"self":[{"href":"https:\/\/www.boehledruck.de\/de\/wp-json\/wp\/v2\/pages\/17"}],"collection":[{"href":"https:\/\/www.boehledruck.de\/de\/wp-json\/wp\/v2\/pages"}],"about":[{"href":"https:\/\/www.boehledruck.de\/de\/wp-json\/wp\/v2\/types\/page"}],"author":[{"embeddable":true,"href":"https:\/\/www.boehledruck.de\/de\/wp-json\/wp\/v2\/users\/1"}],"replies":[{"embeddable":true,"href":"https:\/\/www.boehledruck.de\/de\/wp-json\/wp\/v2\/comments?post=17"}],"version-history":[{"count":15,"href":"https:\/\/www.boehledruck.de\/de\/wp-json\/wp\/v2\/pages\/17\/revisions"}],"predecessor-version":[{"id":151,"href":"https:\/\/www.boehledruck.de\/de\/wp-json\/wp\/v2\/pages\/17\/revisions\/151"}],"up":[{"embeddable":true,"href":"https:\/\/www.boehledruck.de\/de\/wp-json\/wp\/v2\/pages\/15"}],"wp:attachment":[{"href":"https:\/\/www.boehledruck.de\/de\/wp-json\/wp\/v2\/media?parent=17"}],"curies":[{"name":"wp","href":"https:\/\/api.w.org\/{rel}","templated":true}]}}