{"id":134,"date":"2015-08-09T17:41:18","date_gmt":"2015-08-09T17:41:18","guid":{"rendered":"http:\/\/www.boehledruck.de\/?page_id=134"},"modified":"2015-08-12T19:50:03","modified_gmt":"2015-08-12T19:50:03","slug":"praegen-stanzen","status":"publish","type":"page","link":"https:\/\/www.boehledruck.de\/de\/praegen-stanzen\/","title":{"rendered":"Pr\u00e4gen &#038; Stanzen"},"content":{"rendered":"<p>Zur Veredelung Ihrer Drucksachen und das Hinzuf\u00fcgen einer individuellen Note sind Pr\u00e4gen und Stanzen geeignete Mittel.<\/p>\n<h2>Gestanzte Einladungskarten:<\/h2>\n<p><img loading=\"lazy\" class=\"aligncenter size-large wp-image-166\" src=\"http:\/\/www.boehledruck.de\/wp-content\/uploads\/2015\/08\/Einladung-gestanzt-1024x459.jpg\" alt=\"Einladung gestanzt\" width=\"605\" height=\"271\" srcset=\"https:\/\/www.boehledruck.de\/wp-content\/uploads\/2015\/08\/Einladung-gestanzt-1024x459.jpg 1024w, https:\/\/www.boehledruck.de\/wp-content\/uploads\/2015\/08\/Einladung-gestanzt-300x134.jpg 300w, https:\/\/www.boehledruck.de\/wp-content\/uploads\/2015\/08\/Einladung-gestanzt-100x45.jpg 100w, https:\/\/www.boehledruck.de\/wp-content\/uploads\/2015\/08\/Einladung-gestanzt-150x67.jpg 150w, https:\/\/www.boehledruck.de\/wp-content\/uploads\/2015\/08\/Einladung-gestanzt-200x90.jpg 200w, https:\/\/www.boehledruck.de\/wp-content\/uploads\/2015\/08\/Einladung-gestanzt-450x202.jpg 450w, https:\/\/www.boehledruck.de\/wp-content\/uploads\/2015\/08\/Einladung-gestanzt-600x269.jpg 600w, https:\/\/www.boehledruck.de\/wp-content\/uploads\/2015\/08\/Einladung-gestanzt-900x403.jpg 900w, https:\/\/www.boehledruck.de\/wp-content\/uploads\/2015\/08\/Einladung-gestanzt.jpg 1353w\" sizes=\"(max-width: 605px) 100vw, 605px\" \/><\/p>\n<p><img loading=\"lazy\" class=\"aligncenter size-large wp-image-167\" src=\"http:\/\/www.boehledruck.de\/wp-content\/uploads\/2015\/08\/Einladung-gestanzt-ge\u00f6ffnet-1024x575.jpg\" alt=\"Einladung gestanzt ge\u00f6ffnet\" width=\"605\" height=\"340\" srcset=\"https:\/\/www.boehledruck.de\/wp-content\/uploads\/2015\/08\/Einladung-gestanzt-ge\u00f6ffnet-1024x575.jpg 1024w, https:\/\/www.boehledruck.de\/wp-content\/uploads\/2015\/08\/Einladung-gestanzt-ge\u00f6ffnet-300x169.jpg 300w, https:\/\/www.boehledruck.de\/wp-content\/uploads\/2015\/08\/Einladung-gestanzt-ge\u00f6ffnet-100x56.jpg 100w, https:\/\/www.boehledruck.de\/wp-content\/uploads\/2015\/08\/Einladung-gestanzt-ge\u00f6ffnet-150x84.jpg 150w, https:\/\/www.boehledruck.de\/wp-content\/uploads\/2015\/08\/Einladung-gestanzt-ge\u00f6ffnet-200x112.jpg 200w, https:\/\/www.boehledruck.de\/wp-content\/uploads\/2015\/08\/Einladung-gestanzt-ge\u00f6ffnet-450x253.jpg 450w, https:\/\/www.boehledruck.de\/wp-content\/uploads\/2015\/08\/Einladung-gestanzt-ge\u00f6ffnet-600x337.jpg 600w, https:\/\/www.boehledruck.de\/wp-content\/uploads\/2015\/08\/Einladung-gestanzt-ge\u00f6ffnet-900x506.jpg 900w, https:\/\/www.boehledruck.de\/wp-content\/uploads\/2015\/08\/Einladung-gestanzt-ge\u00f6ffnet.jpg 1500w\" sizes=\"(max-width: 605px) 100vw, 605px\" \/><\/p>\n<p><img loading=\"lazy\" class=\"aligncenter size-large wp-image-171\" src=\"http:\/\/www.boehledruck.de\/wp-content\/uploads\/2015\/08\/Karten-gestanzt-1024x705.png\" alt=\"Karten gestanzt\" width=\"605\" height=\"417\" srcset=\"https:\/\/www.boehledruck.de\/wp-content\/uploads\/2015\/08\/Karten-gestanzt-1024x705.png 1024w, https:\/\/www.boehledruck.de\/wp-content\/uploads\/2015\/08\/Karten-gestanzt-300x206.png 300w, https:\/\/www.boehledruck.de\/wp-content\/uploads\/2015\/08\/Karten-gestanzt-100x69.png 100w, https:\/\/www.boehledruck.de\/wp-content\/uploads\/2015\/08\/Karten-gestanzt-150x103.png 150w, https:\/\/www.boehledruck.de\/wp-content\/uploads\/2015\/08\/Karten-gestanzt-200x138.png 200w, https:\/\/www.boehledruck.de\/wp-content\/uploads\/2015\/08\/Karten-gestanzt-450x310.png 450w, https:\/\/www.boehledruck.de\/wp-content\/uploads\/2015\/08\/Karten-gestanzt-600x413.png 600w, https:\/\/www.boehledruck.de\/wp-content\/uploads\/2015\/08\/Karten-gestanzt-900x619.png 900w, https:\/\/www.boehledruck.de\/wp-content\/uploads\/2015\/08\/Karten-gestanzt.png 1212w\" sizes=\"(max-width: 605px) 100vw, 605px\" \/><\/p>\n<h2>Briefpapier mit Pr\u00e4gung<\/h2>\n<p><img loading=\"lazy\" class=\"aligncenter size-large wp-image-175\" src=\"http:\/\/www.boehledruck.de\/wp-content\/uploads\/2015\/08\/Briefpapier-mit-P\u00e4gung-1024x576.jpg\" alt=\"Briefpapier mit P\u00e4gung\" width=\"605\" height=\"340\" srcset=\"https:\/\/www.boehledruck.de\/wp-content\/uploads\/2015\/08\/Briefpapier-mit-P\u00e4gung-1024x576.jpg 1024w, https:\/\/www.boehledruck.de\/wp-content\/uploads\/2015\/08\/Briefpapier-mit-P\u00e4gung-300x169.jpg 300w, https:\/\/www.boehledruck.de\/wp-content\/uploads\/2015\/08\/Briefpapier-mit-P\u00e4gung-100x56.jpg 100w, https:\/\/www.boehledruck.de\/wp-content\/uploads\/2015\/08\/Briefpapier-mit-P\u00e4gung-150x84.jpg 150w, https:\/\/www.boehledruck.de\/wp-content\/uploads\/2015\/08\/Briefpapier-mit-P\u00e4gung-200x113.jpg 200w, https:\/\/www.boehledruck.de\/wp-content\/uploads\/2015\/08\/Briefpapier-mit-P\u00e4gung-450x253.jpg 450w, https:\/\/www.boehledruck.de\/wp-content\/uploads\/2015\/08\/Briefpapier-mit-P\u00e4gung-600x338.jpg 600w, https:\/\/www.boehledruck.de\/wp-content\/uploads\/2015\/08\/Briefpapier-mit-P\u00e4gung-900x506.jpg 900w\" sizes=\"(max-width: 605px) 100vw, 605px\" \/><\/p>\n","protected":false},"excerpt":{"rendered":"<p>Zur Veredelung Ihrer Drucksachen und das Hinzuf\u00fcgen einer individuellen Note sind Pr\u00e4gen und Stanzen geeignete Mittel. Gestanzte Einladungskarten: Briefpapier mit Pr\u00e4gung<\/p>\n","protected":false},"author":1,"featured_media":0,"parent":0,"menu_order":6,"comment_status":"closed","ping_status":"closed","template":"sidebar-content-page.php","meta":[],"yoast_head":"<!-- This site is optimized with the Yoast SEO plugin v16.1.1 - https:\/\/yoast.com\/wordpress\/plugins\/seo\/ -->\n<title>Pr\u00e4gen &amp; Stanzen von Drucksachen | B\u00f6hle Druck<\/title>\n<meta name=\"description\" content=\"Mit Pr\u00e4gen &amp; Stanzen lassen sich Drucksachen weiter veredeln. Vertrauen Sie auf die langk\u00e4hrige Erfahrung von B\u00f6hle Druck und lassen Sie sich beraten.\" \/>\n<link rel=\"canonical\" href=\"https:\/\/www.boehledruck.de\/de\/praegen-stanzen\/\" \/>\n<meta property=\"og:locale\" content=\"de_DE\" \/>\n<meta property=\"og:type\" content=\"article\" \/>\n<meta property=\"og:title\" content=\"Pr\u00e4gen &amp; Stanzen von Drucksachen | B\u00f6hle Druck\" \/>\n<meta property=\"og:description\" content=\"Mit Pr\u00e4gen &amp; Stanzen lassen sich Drucksachen weiter veredeln. Vertrauen Sie auf die langk\u00e4hrige Erfahrung von B\u00f6hle Druck und lassen Sie sich beraten.\" \/>\n<meta property=\"og:url\" content=\"https:\/\/www.boehledruck.de\/de\/praegen-stanzen\/\" \/>\n<meta property=\"og:site_name\" content=\"Boehledruck\" \/>\n<meta property=\"article:modified_time\" content=\"2015-08-12T19:50:03+00:00\" \/>\n<meta property=\"og:image\" content=\"http:\/\/www.boehledruck.de\/wp-content\/uploads\/2015\/08\/Einladung-gestanzt-1024x459.jpg\" \/>\n<script type=\"application\/ld+json\" class=\"yoast-schema-graph\">{\"@context\":\"https:\/\/schema.org\",\"@graph\":[{\"@type\":\"WebSite\",\"@id\":\"https:\/\/www.boehledruck.de\/de\/#website\",\"url\":\"https:\/\/www.boehledruck.de\/de\/\",\"name\":\"Boehledruck\",\"description\":\"Drucksachen f\\u00fcr privat &amp; gesch\\u00e4ftlich\",\"potentialAction\":[{\"@type\":\"SearchAction\",\"target\":\"https:\/\/www.boehledruck.de\/de\/?s={search_term_string}\",\"query-input\":\"required name=search_term_string\"}],\"inLanguage\":\"de\"},{\"@type\":\"ImageObject\",\"@id\":\"https:\/\/www.boehledruck.de\/de\/praegen-stanzen\/#primaryimage\",\"inLanguage\":\"de\",\"url\":\"http:\/\/www.boehledruck.de\/wp-content\/uploads\/2015\/08\/Einladung-gestanzt-1024x459.jpg\",\"contentUrl\":\"http:\/\/www.boehledruck.de\/wp-content\/uploads\/2015\/08\/Einladung-gestanzt-1024x459.jpg\"},{\"@type\":\"WebPage\",\"@id\":\"https:\/\/www.boehledruck.de\/de\/praegen-stanzen\/#webpage\",\"url\":\"https:\/\/www.boehledruck.de\/de\/praegen-stanzen\/\",\"name\":\"Pr\\u00e4gen & Stanzen von Drucksachen | B\\u00f6hle Druck\",\"isPartOf\":{\"@id\":\"https:\/\/www.boehledruck.de\/de\/#website\"},\"primaryImageOfPage\":{\"@id\":\"https:\/\/www.boehledruck.de\/de\/praegen-stanzen\/#primaryimage\"},\"datePublished\":\"2015-08-09T17:41:18+00:00\",\"dateModified\":\"2015-08-12T19:50:03+00:00\",\"description\":\"Mit Pr\\u00e4gen & Stanzen lassen sich Drucksachen weiter veredeln. Vertrauen Sie auf die langk\\u00e4hrige Erfahrung von B\\u00f6hle Druck und lassen Sie sich beraten.\",\"breadcrumb\":{\"@id\":\"https:\/\/www.boehledruck.de\/de\/praegen-stanzen\/#breadcrumb\"},\"inLanguage\":\"de\",\"potentialAction\":[{\"@type\":\"ReadAction\",\"target\":[\"https:\/\/www.boehledruck.de\/de\/praegen-stanzen\/\"]}]},{\"@type\":\"BreadcrumbList\",\"@id\":\"https:\/\/www.boehledruck.de\/de\/praegen-stanzen\/#breadcrumb\",\"itemListElement\":[{\"@type\":\"ListItem\",\"position\":1,\"item\":{\"@type\":\"WebPage\",\"@id\":\"https:\/\/www.boehledruck.de\/de\/\",\"url\":\"https:\/\/www.boehledruck.de\/de\/\",\"name\":\"Home\"}},{\"@type\":\"ListItem\",\"position\":2,\"item\":{\"@type\":\"WebPage\",\"@id\":\"https:\/\/www.boehledruck.de\/de\/praegen-stanzen\/\",\"url\":\"https:\/\/www.boehledruck.de\/de\/praegen-stanzen\/\",\"name\":\"Pr\\u00e4gen &#038; Stanzen\"}}]}]}<\/script>\n<!-- \/ Yoast SEO plugin. -->","_links":{"self":[{"href":"https:\/\/www.boehledruck.de\/de\/wp-json\/wp\/v2\/pages\/134"}],"collection":[{"href":"https:\/\/www.boehledruck.de\/de\/wp-json\/wp\/v2\/pages"}],"about":[{"href":"https:\/\/www.boehledruck.de\/de\/wp-json\/wp\/v2\/types\/page"}],"author":[{"embeddable":true,"href":"https:\/\/www.boehledruck.de\/de\/wp-json\/wp\/v2\/users\/1"}],"replies":[{"embeddable":true,"href":"https:\/\/www.boehledruck.de\/de\/wp-json\/wp\/v2\/comments?post=134"}],"version-history":[{"count":8,"href":"https:\/\/www.boehledruck.de\/de\/wp-json\/wp\/v2\/pages\/134\/revisions"}],"predecessor-version":[{"id":176,"href":"https:\/\/www.boehledruck.de\/de\/wp-json\/wp\/v2\/pages\/134\/revisions\/176"}],"wp:attachment":[{"href":"https:\/\/www.boehledruck.de\/de\/wp-json\/wp\/v2\/media?parent=134"}],"curies":[{"name":"wp","href":"https:\/\/api.w.org\/{rel}","templated":true}]}}