{"id":10,"date":"2014-12-04T20:13:34","date_gmt":"2014-12-04T20:13:34","guid":{"rendered":"http:\/\/boehledruck.de\/?page_id=10"},"modified":"2016-12-06T09:08:51","modified_gmt":"2016-12-06T08:08:51","slug":"impressum","status":"publish","type":"page","link":"https:\/\/www.boehledruck.de\/de\/impressum\/","title":{"rendered":"Impressum"},"content":{"rendered":"<p><img loading=\"lazy\" class=\"size-medium wp-image-80 alignright\" src=\"http:\/\/www.boehledruck.de\/wp-content\/uploads\/2015\/03\/20150328_114447-1-1-223x300.jpg\" alt=\"Drucker PAderborn\" width=\"223\" height=\"300\" srcset=\"https:\/\/www.boehledruck.de\/wp-content\/uploads\/2015\/03\/20150328_114447-1-1-223x300.jpg 223w, https:\/\/www.boehledruck.de\/wp-content\/uploads\/2015\/03\/20150328_114447-1-1-762x1024.jpg 762w, https:\/\/www.boehledruck.de\/wp-content\/uploads\/2015\/03\/20150328_114447-1-1-100x134.jpg 100w, https:\/\/www.boehledruck.de\/wp-content\/uploads\/2015\/03\/20150328_114447-1-1-150x202.jpg 150w, https:\/\/www.boehledruck.de\/wp-content\/uploads\/2015\/03\/20150328_114447-1-1-200x269.jpg 200w, https:\/\/www.boehledruck.de\/wp-content\/uploads\/2015\/03\/20150328_114447-1-1-300x403.jpg 300w, https:\/\/www.boehledruck.de\/wp-content\/uploads\/2015\/03\/20150328_114447-1-1-450x605.jpg 450w, https:\/\/www.boehledruck.de\/wp-content\/uploads\/2015\/03\/20150328_114447-1-1-600x807.jpg 600w, https:\/\/www.boehledruck.de\/wp-content\/uploads\/2015\/03\/20150328_114447-1-1-900x1210.jpg 900w, https:\/\/www.boehledruck.de\/wp-content\/uploads\/2015\/03\/20150328_114447-1-1.jpg 1836w\" sizes=\"(max-width: 223px) 100vw, 223px\" \/><\/p>\n<p>&nbsp;<\/p>\n<p><strong>B\u00f6hle Druck<\/strong><\/p>\n<p>Inhaber: Diethelm B\u00f6hle<\/p>\n<p>Residenzstra\u00dfe 5<br \/>\n33104 Paderborn<br \/>\nDeutschland<\/p>\n<p>Telefon: 05254\/2614<\/p>\n<p>E-Mail: info@boehledruck.de<\/p>\n<p>&nbsp;<\/p>\n<p>&nbsp;<\/p>\n<p><i><a href=\"http:\/\/shop.trustedshops.com\/rechtstexte-kostenlos\" target=\"_blank\">Kostenloses Impressum<\/a> erstellt mit dem <a href=\"http:\/\/www.trustedshops.de\/\" target=\"_blank\" rel=\"nofollow\">Trusted Shops<\/a> Rechtstexter in Kooperation mit <a href=\"http:\/\/www.wbs-law.de\/\" target=\"_blank\" rel=\"nofollow\">Wilde Beuger Solmecke Rechtsanw\u00e4lte<\/a>.<\/i><\/p>\n","protected":false},"excerpt":{"rendered":"<p>&nbsp; B\u00f6hle Druck Inhaber: Diethelm B\u00f6hle Residenzstra\u00dfe 5 33104 Paderborn Deutschland Telefon: 05254\/2614 E-Mail: info@boehledruck.de &nbsp; &nbsp; Kostenloses Impressum erstellt mit dem Trusted Shops Rechtstexter in Kooperation mit Wilde Beuger Solmecke Rechtsanw\u00e4lte.<\/p>\n","protected":false},"author":1,"featured_media":0,"parent":0,"menu_order":10,"comment_status":"closed","ping_status":"closed","template":"full-width-page.php","meta":[],"yoast_head":"<!-- This site is optimized with the Yoast SEO plugin v16.1.1 - https:\/\/yoast.com\/wordpress\/plugins\/seo\/ -->\n<title>Impressum - B\u00f6hle Druck<\/title>\n<meta name=\"description\" content=\"Impressum B\u00f6hle Druck. Gesch\u00e4ftsf\u00fchrer Diethelm B\u00f6hle, Industriemeister Druck.\" \/>\n<link rel=\"canonical\" href=\"https:\/\/www.boehledruck.de\/de\/impressum\/\" \/>\n<meta property=\"og:locale\" content=\"de_DE\" \/>\n<meta property=\"og:type\" content=\"article\" \/>\n<meta property=\"og:title\" content=\"Impressum - B\u00f6hle Druck\" \/>\n<meta property=\"og:description\" content=\"Impressum B\u00f6hle Druck. Gesch\u00e4ftsf\u00fchrer Diethelm B\u00f6hle, Industriemeister Druck.\" \/>\n<meta property=\"og:url\" content=\"https:\/\/www.boehledruck.de\/de\/impressum\/\" \/>\n<meta property=\"og:site_name\" content=\"Boehledruck\" \/>\n<meta property=\"article:modified_time\" content=\"2016-12-06T08:08:51+00:00\" \/>\n<meta property=\"og:image\" content=\"http:\/\/www.boehledruck.de\/wp-content\/uploads\/2015\/03\/20150328_114447-1-1-223x300.jpg\" \/>\n<script type=\"application\/ld+json\" class=\"yoast-schema-graph\">{\"@context\":\"https:\/\/schema.org\",\"@graph\":[{\"@type\":\"WebSite\",\"@id\":\"https:\/\/www.boehledruck.de\/de\/#website\",\"url\":\"https:\/\/www.boehledruck.de\/de\/\",\"name\":\"Boehledruck\",\"description\":\"Drucksachen f\\u00fcr privat &amp; gesch\\u00e4ftlich\",\"potentialAction\":[{\"@type\":\"SearchAction\",\"target\":\"https:\/\/www.boehledruck.de\/de\/?s={search_term_string}\",\"query-input\":\"required name=search_term_string\"}],\"inLanguage\":\"de\"},{\"@type\":\"ImageObject\",\"@id\":\"https:\/\/www.boehledruck.de\/de\/impressum\/#primaryimage\",\"inLanguage\":\"de\",\"url\":\"http:\/\/www.boehledruck.de\/wp-content\/uploads\/2015\/03\/20150328_114447-1-1-223x300.jpg\",\"contentUrl\":\"http:\/\/www.boehledruck.de\/wp-content\/uploads\/2015\/03\/20150328_114447-1-1-223x300.jpg\"},{\"@type\":\"WebPage\",\"@id\":\"https:\/\/www.boehledruck.de\/de\/impressum\/#webpage\",\"url\":\"https:\/\/www.boehledruck.de\/de\/impressum\/\",\"name\":\"Impressum - B\\u00f6hle Druck\",\"isPartOf\":{\"@id\":\"https:\/\/www.boehledruck.de\/de\/#website\"},\"primaryImageOfPage\":{\"@id\":\"https:\/\/www.boehledruck.de\/de\/impressum\/#primaryimage\"},\"datePublished\":\"2014-12-04T20:13:34+00:00\",\"dateModified\":\"2016-12-06T08:08:51+00:00\",\"description\":\"Impressum B\\u00f6hle Druck. Gesch\\u00e4ftsf\\u00fchrer Diethelm B\\u00f6hle, Industriemeister Druck.\",\"breadcrumb\":{\"@id\":\"https:\/\/www.boehledruck.de\/de\/impressum\/#breadcrumb\"},\"inLanguage\":\"de\",\"potentialAction\":[{\"@type\":\"ReadAction\",\"target\":[\"https:\/\/www.boehledruck.de\/de\/impressum\/\"]}]},{\"@type\":\"BreadcrumbList\",\"@id\":\"https:\/\/www.boehledruck.de\/de\/impressum\/#breadcrumb\",\"itemListElement\":[{\"@type\":\"ListItem\",\"position\":1,\"item\":{\"@type\":\"WebPage\",\"@id\":\"https:\/\/www.boehledruck.de\/de\/\",\"url\":\"https:\/\/www.boehledruck.de\/de\/\",\"name\":\"Home\"}},{\"@type\":\"ListItem\",\"position\":2,\"item\":{\"@type\":\"WebPage\",\"@id\":\"https:\/\/www.boehledruck.de\/de\/impressum\/\",\"url\":\"https:\/\/www.boehledruck.de\/de\/impressum\/\",\"name\":\"Impressum\"}}]}]}<\/script>\n<!-- \/ Yoast SEO plugin. -->","_links":{"self":[{"href":"https:\/\/www.boehledruck.de\/de\/wp-json\/wp\/v2\/pages\/10"}],"collection":[{"href":"https:\/\/www.boehledruck.de\/de\/wp-json\/wp\/v2\/pages"}],"about":[{"href":"https:\/\/www.boehledruck.de\/de\/wp-json\/wp\/v2\/types\/page"}],"author":[{"embeddable":true,"href":"https:\/\/www.boehledruck.de\/de\/wp-json\/wp\/v2\/users\/1"}],"replies":[{"embeddable":true,"href":"https:\/\/www.boehledruck.de\/de\/wp-json\/wp\/v2\/comments?post=10"}],"version-history":[{"count":25,"href":"https:\/\/www.boehledruck.de\/de\/wp-json\/wp\/v2\/pages\/10\/revisions"}],"predecessor-version":[{"id":205,"href":"https:\/\/www.boehledruck.de\/de\/wp-json\/wp\/v2\/pages\/10\/revisions\/205"}],"wp:attachment":[{"href":"https:\/\/www.boehledruck.de\/de\/wp-json\/wp\/v2\/media?parent=10"}],"curies":[{"name":"wp","href":"https:\/\/api.w.org\/{rel}","templated":true}]}}